{"id":1808,"date":"2026-02-21T23:43:58","date_gmt":"2026-02-21T22:43:58","guid":{"rendered":"https:\/\/3cscomunicaciones.itsoft.com.ec\/?page_id=1808"},"modified":"2026-02-23T03:07:46","modified_gmt":"2026-02-23T02:07:46","slug":"ramiro-vallejo","status":"publish","type":"page","link":"http:\/\/3cscomunicaciones.com\/index.php\/ramiro-vallejo\/","title":{"rendered":""},"content":{"rendered":"\t\t<div data-elementor-type=\"wp-page\" data-elementor-id=\"1808\" class=\"elementor elementor-1808\">\n\t\t\t\t\t\t<section class=\"elementor-section elementor-top-section elementor-element elementor-element-bbac52d elementor-section-full_width elementor-section-height-default elementor-section-height-default\" data-id=\"bbac52d\" data-element_type=\"section\" data-e-type=\"section\">\n\t\t\t\t\t\t<div class=\"elementor-container elementor-column-gap-no\">\n\t\t\t\t\t<div class=\"elementor-column elementor-col-100 elementor-top-column elementor-element elementor-element-260535e\" data-id=\"260535e\" data-element_type=\"column\" data-e-type=\"column\">\n\t\t\t<div class=\"elementor-widget-wrap elementor-element-populated\">\n\t\t\t\t\t\t<div class=\"elementor-element elementor-element-71f9370 elementor-widget elementor-widget-apsro-team-details\" data-id=\"71f9370\" data-element_type=\"widget\" data-e-type=\"widget\" data-widget_type=\"apsro-team-details.default\">\n\t\t\t\t<div class=\"elementor-widget-container\">\n\t\t\t\t\t    <!--Team Details Start-->\r\n    <section class=\"team-details\">\r\n        <div class=\"container\">\r\n            <div class=\"row\">\r\n                <div class=\"col-xl-6 col-lg-6\">\r\n                    <div class=\"team-details__left\">\r\n                        <div class=\"team-details__img\">\r\n                            <img decoding=\"async\" src=\"http:\/\/3cscomunicaciones.com\/wp-content\/uploads\/2026\/02\/details-vallejo-550x573-1.jpg\" alt=\"Ramiro Vallejo\" title=\"Ramiro Vallejo\" >                        <\/div>\r\n                    <\/div>\r\n                <\/div>\r\n                <div class=\"col-xl-6 col-lg-6\">\r\n                    <div class=\"team-details__right\">\r\n                        <h3 class=\"team-details__name\">Ramiro Vallejo Pe\u00f1afiel<\/h3><p class=\"team-details__sub-title\">Especialista en comunicaci\u00f3n y Trafficker Digital<\/p>                        <div class=\"team-details__social\">\r\n                                                    <\/div>\r\n                        <p class=\"team-details__text-1\">Comunicador especializado en la planificaci\u00f3n y programaci\u00f3n de pautas en plataformas digitales, con experiencia en campa\u00f1as comerciales, pol\u00edticas, educativas y culturales. Ramiro tiene amplio conocimiento en el an\u00e1lisis de m\u00e9tricas y estrategias para optimizaci\u00f3n de recursos en el entorno digital. Adem\u00e1s, ha liderado equipos de producci\u00f3n audiovisual para la creaci\u00f3n de contenidos informativos en medios digitales. Ha desempe\u00f1ado funciones de community manager, incluyendo la gesti\u00f3n de comunidades digitales, el monitoreo de m\u00e9tricas y el fortalecimiento de la interacci\u00f3n con las audiencias.\n<br>\nEs riobambe\u00f1o y es el baterista en una banda de rock.\n<\/p>                        <div class=\"team-details__points-box\">\r\n                            <ul class=\"team-details__points list-unstyled ml-0\">\r\n                                                            <\/ul>\r\n                            <ul class=\"team-details__points list-unstyled ml-0\">\r\n                                                            <\/ul>\r\n                        <\/div>\r\n                        <div class=\"team-details__progress\">\r\n                                                            <div class=\"team-details__progress-single\">\r\n                                    <h4 class=\"team-details__progress-title\">Trafficker Digital<\/h4>                                    <div class=\"bar\">\r\n                                        <div class=\"bar-inner count-bar\" data-percent=\"100%\">\r\n                                            <div class=\"count-text\">100%<\/div>\r\n                                        <\/div>\r\n                                    <\/div>\r\n                                <\/div>\r\n                                                    <\/div>\r\n                    <\/div>\r\n                <\/div>\r\n            <\/div>\r\n        <\/div>\r\n    <\/section>\r\n    <!--Team Details End-->\r\n\t\t\t\t<\/div>\n\t\t\t\t<\/div>\n\t\t\t\t\t<\/div>\n\t\t<\/div>\n\t\t\t\t\t<\/div>\n\t\t<\/section>\n\t\t\t\t<\/div>\n\t\t","protected":false},"excerpt":{"rendered":"<p>Ramiro Vallejo Pe\u00f1afiel Especialista en comunicaci\u00f3n y Trafficker Digital Comunicador especializado en la planificaci\u00f3n y programaci\u00f3n de pautas en plataformas digitales, con experiencia en campa\u00f1as comerciales, pol\u00edticas, educativas y culturales. Ramiro tiene amplio conocimiento en el an\u00e1lisis de m\u00e9tricas y estrategias para optimizaci\u00f3n de recursos en el entorno digital. Adem\u00e1s, ha liderado equipos de producci\u00f3n [&hellip;]<\/p>\n","protected":false},"author":1,"featured_media":0,"parent":0,"menu_order":0,"comment_status":"closed","ping_status":"closed","template":"elementor_header_footer","meta":{"footnotes":""},"class_list":["post-1808","page","type-page","status-publish","hentry"],"_links":{"self":[{"href":"http:\/\/3cscomunicaciones.com\/index.php\/wp-json\/wp\/v2\/pages\/1808","targetHints":{"allow":["GET"]}}],"collection":[{"href":"http:\/\/3cscomunicaciones.com\/index.php\/wp-json\/wp\/v2\/pages"}],"about":[{"href":"http:\/\/3cscomunicaciones.com\/index.php\/wp-json\/wp\/v2\/types\/page"}],"author":[{"embeddable":true,"href":"http:\/\/3cscomunicaciones.com\/index.php\/wp-json\/wp\/v2\/users\/1"}],"replies":[{"embeddable":true,"href":"http:\/\/3cscomunicaciones.com\/index.php\/wp-json\/wp\/v2\/comments?post=1808"}],"version-history":[{"count":10,"href":"http:\/\/3cscomunicaciones.com\/index.php\/wp-json\/wp\/v2\/pages\/1808\/revisions"}],"predecessor-version":[{"id":1981,"href":"http:\/\/3cscomunicaciones.com\/index.php\/wp-json\/wp\/v2\/pages\/1808\/revisions\/1981"}],"wp:attachment":[{"href":"http:\/\/3cscomunicaciones.com\/index.php\/wp-json\/wp\/v2\/media?parent=1808"}],"curies":[{"name":"wp","href":"https:\/\/api.w.org\/{rel}","templated":true}]}}