{"id":1818,"date":"2026-02-21T23:49:49","date_gmt":"2026-02-21T22:49:49","guid":{"rendered":"https:\/\/3cscomunicaciones.itsoft.com.ec\/?page_id=1818"},"modified":"2026-02-23T03:08:26","modified_gmt":"2026-02-23T02:08:26","slug":"andres-estrella","status":"publish","type":"page","link":"http:\/\/3cscomunicaciones.com\/index.php\/andres-estrella\/","title":{"rendered":""},"content":{"rendered":"\t\t<div data-elementor-type=\"wp-page\" data-elementor-id=\"1818\" class=\"elementor elementor-1818\">\n\t\t\t\t\t\t<section class=\"elementor-section elementor-top-section elementor-element elementor-element-bbac52d elementor-section-full_width elementor-section-height-default elementor-section-height-default\" data-id=\"bbac52d\" data-element_type=\"section\" data-e-type=\"section\">\n\t\t\t\t\t\t<div class=\"elementor-container elementor-column-gap-no\">\n\t\t\t\t\t<div class=\"elementor-column elementor-col-100 elementor-top-column elementor-element elementor-element-260535e\" data-id=\"260535e\" data-element_type=\"column\" data-e-type=\"column\">\n\t\t\t<div class=\"elementor-widget-wrap elementor-element-populated\">\n\t\t\t\t\t\t<div class=\"elementor-element elementor-element-71f9370 elementor-widget elementor-widget-apsro-team-details\" data-id=\"71f9370\" data-element_type=\"widget\" data-e-type=\"widget\" data-widget_type=\"apsro-team-details.default\">\n\t\t\t\t<div class=\"elementor-widget-container\">\n\t\t\t\t\t    <!--Team Details Start-->\r\n    <section class=\"team-details\">\r\n        <div class=\"container\">\r\n            <div class=\"row\">\r\n                <div class=\"col-xl-6 col-lg-6\">\r\n                    <div class=\"team-details__left\">\r\n                        <div class=\"team-details__img\">\r\n                            <img decoding=\"async\" src=\"http:\/\/3cscomunicaciones.com\/wp-content\/uploads\/2026\/02\/details-estrella-550x573-1.jpg\" alt=\"Andr\u00e9s Estrella\" title=\"Andr\u00e9s Estrella\" >                        <\/div>\r\n                    <\/div>\r\n                <\/div>\r\n                <div class=\"col-xl-6 col-lg-6\">\r\n                    <div class=\"team-details__right\">\r\n                        <h3 class=\"team-details__name\">Andr\u00e9s Estrella Maya<\/h3><p class=\"team-details__sub-title\">Dise\u00f1ador Gr\u00e1fico Multimedia y Productor Audiovisual<\/p>                        <div class=\"team-details__social\">\r\n                                                    <\/div>\r\n                        <p class=\"team-details__text-1\">Dise\u00f1ador gr\u00e1fico y multimedia senior con m\u00e1s de 15 a\u00f1os de experiencia liderando proyectos gr\u00e1ficos y audiovisuales, campa\u00f1as 360 y procesos de comunicaci\u00f3n estrat\u00e9gica que han contribuido al posicionamiento de autoridades p\u00fablicas, l\u00edderes y empresas de alta reputaci\u00f3n nacional. Ha participado en el desarrollo de soluciones creativas y conceptos aplicados en entornos de alto nivel.\n<br>\nEspecialista en direcci\u00f3n de arte, construcci\u00f3n de marca, fotograf\u00eda y desarrollo de sistemas visuales con alcance nacional e internacional, combinando visi\u00f3n estrat\u00e9gica con excelencia en ejecuci\u00f3n.\n<br>\nSe caracteriza por un enfoque conceptual s\u00f3lido, criterio est\u00e9tico riguroso y capacidad para liderar equipos creativos y coordinar proveedores estrat\u00e9gicos. Integra herramientas de inteligencia artificial en los flujos de trabajo para optimizar procesos, mejorar la eficiencia y potenciar la calidad de los resultados.\n<br>\nTulcane\u00f1o y amante de la bici como un buen 04.<\/p>                        <div class=\"team-details__points-box\">\r\n                            <ul class=\"team-details__points list-unstyled ml-0\">\r\n                                                            <\/ul>\r\n                            <ul class=\"team-details__points list-unstyled ml-0\">\r\n                                                            <\/ul>\r\n                        <\/div>\r\n                        <div class=\"team-details__progress\">\r\n                                                            <div class=\"team-details__progress-single\">\r\n                                    <h4 class=\"team-details__progress-title\">Dise\u00f1o Gr\u00e1fico<\/h4>                                    <div class=\"bar\">\r\n                                        <div class=\"bar-inner count-bar\" data-percent=\"100%\">\r\n                                            <div class=\"count-text\">100%<\/div>\r\n                                        <\/div>\r\n                                    <\/div>\r\n                                <\/div>\r\n                                                            <div class=\"team-details__progress-single\">\r\n                                    <h4 class=\"team-details__progress-title team-details__progress-title\">Producci\u00f3n Audiovisual<\/h4>                                    <div class=\"bar\">\r\n                                        <div class=\"bar-inner count-bar\" data-percent=\"100%\">\r\n                                            <div class=\"count-text\">100%<\/div>\r\n                                        <\/div>\r\n                                    <\/div>\r\n                                <\/div>\r\n                                                    <\/div>\r\n                    <\/div>\r\n                <\/div>\r\n            <\/div>\r\n        <\/div>\r\n    <\/section>\r\n    <!--Team Details End-->\r\n\t\t\t\t<\/div>\n\t\t\t\t<\/div>\n\t\t\t\t\t<\/div>\n\t\t<\/div>\n\t\t\t\t\t<\/div>\n\t\t<\/section>\n\t\t\t\t<\/div>\n\t\t","protected":false},"excerpt":{"rendered":"<p>Andr\u00e9s Estrella Maya Dise\u00f1ador Gr\u00e1fico Multimedia y Productor Audiovisual Dise\u00f1ador gr\u00e1fico y multimedia senior con m\u00e1s de 15 a\u00f1os de experiencia liderando proyectos gr\u00e1ficos y audiovisuales, campa\u00f1as 360 y procesos de comunicaci\u00f3n estrat\u00e9gica que han contribuido al posicionamiento de autoridades p\u00fablicas, l\u00edderes y empresas de alta reputaci\u00f3n nacional. Ha participado en el desarrollo de soluciones [&hellip;]<\/p>\n","protected":false},"author":1,"featured_media":0,"parent":0,"menu_order":0,"comment_status":"closed","ping_status":"closed","template":"elementor_header_footer","meta":{"footnotes":""},"class_list":["post-1818","page","type-page","status-publish","hentry"],"_links":{"self":[{"href":"http:\/\/3cscomunicaciones.com\/index.php\/wp-json\/wp\/v2\/pages\/1818","targetHints":{"allow":["GET"]}}],"collection":[{"href":"http:\/\/3cscomunicaciones.com\/index.php\/wp-json\/wp\/v2\/pages"}],"about":[{"href":"http:\/\/3cscomunicaciones.com\/index.php\/wp-json\/wp\/v2\/types\/page"}],"author":[{"embeddable":true,"href":"http:\/\/3cscomunicaciones.com\/index.php\/wp-json\/wp\/v2\/users\/1"}],"replies":[{"embeddable":true,"href":"http:\/\/3cscomunicaciones.com\/index.php\/wp-json\/wp\/v2\/comments?post=1818"}],"version-history":[{"count":16,"href":"http:\/\/3cscomunicaciones.com\/index.php\/wp-json\/wp\/v2\/pages\/1818\/revisions"}],"predecessor-version":[{"id":1987,"href":"http:\/\/3cscomunicaciones.com\/index.php\/wp-json\/wp\/v2\/pages\/1818\/revisions\/1987"}],"wp:attachment":[{"href":"http:\/\/3cscomunicaciones.com\/index.php\/wp-json\/wp\/v2\/media?parent=1818"}],"curies":[{"name":"wp","href":"https:\/\/api.w.org\/{rel}","templated":true}]}}