{"id":1558,"date":"2026-02-13T21:18:00","date_gmt":"2026-02-13T20:18:00","guid":{"rendered":"http:\/\/3cscomunicaciones.com\/?page_id=1558"},"modified":"2026-02-24T18:40:13","modified_gmt":"2026-02-24T23:40:13","slug":"gestion-de-crisis","status":"publish","type":"page","link":"https:\/\/3cscomunicaciones.com\/index.php\/gestion-de-crisis\/","title":{"rendered":"Gesti\u00f3n de Crisis"},"content":{"rendered":"\t\t<div data-elementor-type=\"wp-page\" data-elementor-id=\"1558\" class=\"elementor elementor-1558\">\n\t\t\t\t\t\t<section class=\"elementor-section elementor-top-section elementor-element elementor-element-c8405d9 services-details elementor-section-boxed elementor-section-height-default elementor-section-height-default\" data-id=\"c8405d9\" data-element_type=\"section\" data-e-type=\"section\">\n\t\t\t\t\t\t<div class=\"elementor-container elementor-column-gap-no\">\n\t\t\t\t\t<div class=\"elementor-column elementor-col-100 elementor-top-column elementor-element elementor-element-87df57b\" data-id=\"87df57b\" data-element_type=\"column\" data-e-type=\"column\">\n\t\t\t<div class=\"elementor-widget-wrap elementor-element-populated\">\n\t\t\t\t\t\t<section class=\"elementor-section elementor-inner-section elementor-element elementor-element-06f2066 elementor-section-full_width elementor-section-height-default elementor-section-height-default\" data-id=\"06f2066\" data-element_type=\"section\" data-e-type=\"section\">\n\t\t\t\t\t\t<div class=\"elementor-container elementor-column-gap-no\">\n\t\t\t\t\t<div class=\"elementor-column elementor-col-50 elementor-inner-column elementor-element elementor-element-a6f7f65\" data-id=\"a6f7f65\" data-element_type=\"column\" data-e-type=\"column\">\n\t\t\t<div class=\"elementor-widget-wrap elementor-element-populated\">\n\t\t\t\t\t\t<div class=\"elementor-element elementor-element-d10f4a4 elementor-widget elementor-widget-sidebar-nav\" data-id=\"d10f4a4\" data-element_type=\"widget\" data-e-type=\"widget\" data-widget_type=\"sidebar-nav.default\">\n\t\t\t\t<div class=\"elementor-widget-container\">\n\t\t\t\t\t\r\n    <div class=\"services-details__services-list\">\r\n                    <ul id=\"menu-service-menu\" class=\"services-details__services list-unstyled ml-0\"><li id=\"menu-item-1212\" class=\"menu-item menu-item-type-post_type menu-item-object-page menu-item-1212\"><a href=\"https:\/\/3cscomunicaciones.com\/index.php\/comunicacion-estrategica\/\">Comunicaci\u00f3n Estrat\u00e9gica<span class=\"fa fa-arrow-right\"><\/span><\/a><\/li>\n<li id=\"menu-item-1597\" class=\"menu-item menu-item-type-post_type menu-item-object-page menu-item-1597\"><a href=\"https:\/\/3cscomunicaciones.com\/index.php\/relaciones-publicas\/\">Relaciones P\u00fablicas<span class=\"fa fa-arrow-right\"><\/span><\/a><\/li>\n<li id=\"menu-item-1596\" class=\"menu-item menu-item-type-post_type menu-item-object-page menu-item-1596\"><a href=\"https:\/\/3cscomunicaciones.com\/index.php\/gestion-de-crisis\/\">Gesti\u00f3n de Crisis<span class=\"fa fa-arrow-right\"><\/span><\/a><\/li>\n<li id=\"menu-item-1595\" class=\"menu-item menu-item-type-post_type menu-item-object-page menu-item-1595\"><a href=\"https:\/\/3cscomunicaciones.com\/index.php\/inteligencia-digital\/\">Inteligencia Digital<span class=\"fa fa-arrow-right\"><\/span><\/a><\/li>\n<li id=\"menu-item-1594\" class=\"menu-item menu-item-type-post_type menu-item-object-page menu-item-1594\"><a href=\"https:\/\/3cscomunicaciones.com\/index.php\/activismo-digital\/\">Activismo Digital<span class=\"fa fa-arrow-right\"><\/span><\/a><\/li>\n<li id=\"menu-item-1593\" class=\"menu-item menu-item-type-post_type menu-item-object-page menu-item-1593\"><a href=\"https:\/\/3cscomunicaciones.com\/index.php\/diseno-y-produccion-multimedia\/\">Dise\u00f1o y Producci\u00f3n Multimedia<span class=\"fa fa-arrow-right\"><\/span><\/a><\/li>\n<\/ul>            <\/div>\r\n\r\n\t\t\t\t<\/div>\n\t\t\t\t<\/div>\n\t\t\t\t<div class=\"elementor-element elementor-element-8660cbe elementor-widget elementor-widget-apsro-sidebar-banner\" data-id=\"8660cbe\" data-element_type=\"widget\" data-e-type=\"widget\" data-widget_type=\"apsro-sidebar-banner.default\">\n\t\t\t\t<div class=\"elementor-widget-container\">\n\t\t\t\t\t    <div class=\"banner-one\">\r\n        <div class=\"banner-one__img\">\r\n            <img decoding=\"async\" src=\"https:\/\/3cscomunicaciones.com\/wp-content\/uploads\/2026\/02\/publicidad-contacto.png\" alt=\"\" >        <\/div>\r\n        <h3 class=\"banner-one__title\">\u00bfBuscas un<br> aliado en <br> gesti\u00f3n de<br>crisis? <\/h3>                    <div class=\"banner-one__btn-box\">\r\n                <a class=\"banner-one__btn thm-btn\" href=\"https:\/\/3cscomunicaciones.com\/index.php\/contacto\/\"  >Contacto<\/a>            <\/div>\r\n            <\/div>\r\n\t\t\t\t<\/div>\n\t\t\t\t<\/div>\n\t\t\t\t\t<\/div>\n\t\t<\/div>\n\t\t\t\t<div class=\"elementor-column elementor-col-50 elementor-inner-column elementor-element elementor-element-7285bb7 services-details__right\" data-id=\"7285bb7\" data-element_type=\"column\" data-e-type=\"column\">\n\t\t\t<div class=\"elementor-widget-wrap elementor-element-populated\">\n\t\t\t\t\t\t<div class=\"elementor-element elementor-element-8f66532 services-details__img elementor-widget elementor-widget-image\" data-id=\"8f66532\" data-element_type=\"widget\" data-e-type=\"widget\" data-widget_type=\"image.default\">\n\t\t\t\t\t\t\t\t\t\t\t\t\t\t\t<img fetchpriority=\"high\" decoding=\"async\" width=\"640\" height=\"317\" src=\"http:\/\/3cscomunicaciones.com\/wp-content\/uploads\/2026\/02\/ser-crisis-768x380-1.jpg\" class=\"attachment-large size-large wp-image-1605\" alt=\"\" srcset=\"http:\/\/3cscomunicaciones.com\/wp-content\/uploads\/2026\/02\/ser-crisis-768x380-1.jpg 768w, http:\/\/3cscomunicaciones.com\/wp-content\/uploads\/2026\/02\/ser-crisis-768x380-1-300x148.jpg 300w\" sizes=\"(max-width: 640px) 100vw, 640px\" \/>\t\t\t\t\t\t\t\t\t\t\t\t\t\t\t<\/div>\n\t\t\t\t<div class=\"elementor-element elementor-element-1725721 elementor-widget elementor-widget-heading\" data-id=\"1725721\" data-element_type=\"widget\" data-e-type=\"widget\" data-widget_type=\"heading.default\">\n\t\t\t\t\t<h3 class=\"elementor-heading-title elementor-size-default\">Gesti\u00f3n de crisis comunicacionales<\/h3>\t\t\t\t<\/div>\n\t\t\t\t<div class=\"elementor-element elementor-element-53bd290 elementor-widget elementor-widget-text-editor\" data-id=\"53bd290\" data-element_type=\"widget\" data-e-type=\"widget\" data-widget_type=\"text-editor.default\">\n\t\t\t\t\t\t\t\t\t<p>Abordamos las crisis con informaci\u00f3n, sin especulaciones y sobre todo desde la experiencia. No existen dos crisis iguales, cada situaci\u00f3n de riesgo es particular por eso sabemos que deben gestionarse con experticia y con monitoreo riguroso. En las crisis combinamos todas las especializades del equipo para que tu reputaci\u00f3n sea la prioridad.<\/p>\t\t\t\t\t\t\t\t<\/div>\n\t\t\t\t<div class=\"elementor-element elementor-element-e848560 elementor-widget elementor-widget-heading\" data-id=\"e848560\" data-element_type=\"widget\" data-e-type=\"widget\" data-widget_type=\"heading.default\">\n\t\t\t\t\t<h3 class=\"elementor-heading-title elementor-size-default\">\u00bfPor qu\u00e9 elegirnos?<\/h3>\t\t\t\t<\/div>\n\t\t\t\t<div class=\"elementor-element elementor-element-4edde59 elementor-widget elementor-widget-apsro-icon-box\" data-id=\"4edde59\" data-element_type=\"widget\" data-e-type=\"widget\" data-widget_type=\"apsro-icon-box.default\">\n\t\t\t\t<div class=\"elementor-widget-container\">\n\t\t\t\t\t    <ul class=\"services-details__points list-unstyled ml-0\">\r\n                    <li>\r\n                <div class=\"icon\">\r\n                    <span aria-hidden=\"true\" class=\"   icon-success\"><\/span>                <\/div>\r\n                <div class=\"text\">\r\n                    <p class=\"\">Experiencia<br> probada<\/p>                <\/div>\r\n            <\/li>\r\n                    <li>\r\n                <div class=\"icon\">\r\n                    <span aria-hidden=\"true\" class=\"   icon-management\"><\/span>                <\/div>\r\n                <div class=\"text\">\r\n                    <p class=\" \">Confidencialidad<\/p>                <\/div>\r\n            <\/li>\r\n                    <li>\r\n                <div class=\"icon\">\r\n                    <span aria-hidden=\"true\" class=\"   icon-consulting\"><\/span>                <\/div>\r\n                <div class=\"text\">\r\n                    <p class=\"  \">Equipo<br>multidisciplinario<\/p>                <\/div>\r\n            <\/li>\r\n            <\/ul>\r\n\r\n\t\t\t\t<\/div>\n\t\t\t\t<\/div>\n\t\t\t\t\t<\/div>\n\t\t<\/div>\n\t\t\t\t\t<\/div>\n\t\t<\/section>\n\t\t\t\t\t<\/div>\n\t\t<\/div>\n\t\t\t\t\t<\/div>\n\t\t<\/section>\n\t\t\t\t<\/div>\n\t\t","protected":false},"excerpt":{"rendered":"<p>Comunicaci\u00f3n Estrat\u00e9gica Relaciones P\u00fablicas Gesti\u00f3n de Crisis Inteligencia Digital Activismo Digital Dise\u00f1o y Producci\u00f3n Multimedia \u00bfBuscas un aliado en gesti\u00f3n decrisis? Contacto Gesti\u00f3n de crisis comunicacionales Abordamos las crisis con informaci\u00f3n, sin especulaciones y sobre todo desde la experiencia. No existen dos crisis iguales, cada situaci\u00f3n de riesgo es particular por eso sabemos que deben [&hellip;]<\/p>\n","protected":false},"author":1,"featured_media":1508,"parent":0,"menu_order":0,"comment_status":"closed","ping_status":"closed","template":"elementor_header_footer","meta":{"footnotes":""},"class_list":["post-1558","page","type-page","status-publish","has-post-thumbnail","hentry"],"_links":{"self":[{"href":"https:\/\/3cscomunicaciones.com\/index.php\/wp-json\/wp\/v2\/pages\/1558","targetHints":{"allow":["GET"]}}],"collection":[{"href":"https:\/\/3cscomunicaciones.com\/index.php\/wp-json\/wp\/v2\/pages"}],"about":[{"href":"https:\/\/3cscomunicaciones.com\/index.php\/wp-json\/wp\/v2\/types\/page"}],"author":[{"embeddable":true,"href":"https:\/\/3cscomunicaciones.com\/index.php\/wp-json\/wp\/v2\/users\/1"}],"replies":[{"embeddable":true,"href":"https:\/\/3cscomunicaciones.com\/index.php\/wp-json\/wp\/v2\/comments?post=1558"}],"version-history":[{"count":22,"href":"https:\/\/3cscomunicaciones.com\/index.php\/wp-json\/wp\/v2\/pages\/1558\/revisions"}],"predecessor-version":[{"id":2202,"href":"https:\/\/3cscomunicaciones.com\/index.php\/wp-json\/wp\/v2\/pages\/1558\/revisions\/2202"}],"wp:featuredmedia":[{"embeddable":true,"href":"https:\/\/3cscomunicaciones.com\/index.php\/wp-json\/wp\/v2\/media\/1508"}],"wp:attachment":[{"href":"https:\/\/3cscomunicaciones.com\/index.php\/wp-json\/wp\/v2\/media?parent=1558"}],"curies":[{"name":"wp","href":"https:\/\/api.w.org\/{rel}","templated":true}]}}