{"id":1700,"date":"2026-02-17T22:12:45","date_gmt":"2026-02-17T21:12:45","guid":{"rendered":"http:\/\/3cscomunicaciones.com\/?page_id=1700"},"modified":"2026-02-24T00:01:04","modified_gmt":"2026-02-23T23:01:04","slug":"contacto","status":"publish","type":"page","link":"https:\/\/3cscomunicaciones.com\/index.php\/contacto\/","title":{"rendered":"Contacto"},"content":{"rendered":"\t\t<div data-elementor-type=\"wp-page\" data-elementor-id=\"1700\" class=\"elementor elementor-1700\">\n\t\t\t\t\t\t<section class=\"elementor-section elementor-top-section elementor-element elementor-element-c02f1b0 elementor-section-full_width elementor-section-height-default elementor-section-height-default\" data-id=\"c02f1b0\" data-element_type=\"section\" data-e-type=\"section\">\n\t\t\t\t\t\t<div class=\"elementor-container elementor-column-gap-no\">\n\t\t\t\t\t<div class=\"elementor-column elementor-col-100 elementor-top-column elementor-element elementor-element-894dbce\" data-id=\"894dbce\" data-element_type=\"column\" data-e-type=\"column\">\n\t\t\t<div class=\"elementor-widget-wrap elementor-element-populated\">\n\t\t\t\t\t\t<div class=\"elementor-element elementor-element-09bc706 elementor-widget elementor-widget-apsro-contact-form\" data-id=\"09bc706\" data-element_type=\"widget\" data-e-type=\"widget\" data-widget_type=\"apsro-contact-form.default\">\n\t\t\t\t<div class=\"elementor-widget-container\">\n\t\t\t\t\t    <!--Contact Page Start-->\r\n    <section class=\"contact-page\">\r\n        <div class=\"container\">\r\n            <div class=\"row\">\r\n                <div class=\"col-xl-5 col-lg-6\">\r\n                    <div class=\"contact-page__left\">\r\n                        <div class=\"section-title text-left\">\r\n                            <p class=\"section-title__tagline\"><span>\/\/<\/span> cont\u00e1ctanos <span>\/\/<\/span><\/p><h2 class=\"section-title__title\">Trabajemos <br> juntos<\/h2>                        <\/div>\r\n                        <ul class=\"contact-page__points list-unstyled ml-0\">\r\n                                                            <li>\r\n                                    <div class=\"icon\">\r\n                                        <span aria-hidden=\"true\" class=\"  icon-help\"><\/span>                                    <\/div>\r\n                                    <div class=\"content\">\r\n                                        <p class=\"\">\u00bfTienes alguna pregunta?<\/p><h4 class=\"\"><a href=\"https:\/\/wa.me\/593992716542?text=Hola%20quiero%20m\u00e1s%20informaci\u00f3n\">+593 99 271 6542<\/a><\/h4>                                    <\/div>\r\n                                <\/li>\r\n                                                            <li>\r\n                                    <div class=\"icon\">\r\n                                        <span aria-hidden=\"true\" class=\"   icon-mailbox\"><\/span>                                    <\/div>\r\n                                    <div class=\"content\">\r\n                                        <p class=\" \">Escr\u00edbenos<\/p><h4 class=\" \"><a href=\"mailto:info@3cscomunicaciones.com\">info@3cscomunicaciones.com<\/a><\/h4>                                    <\/div>\r\n                                <\/li>\r\n                                                    <\/ul>\r\n                        <div class=\"contact-page__social\">\r\n                                                    <\/div>\r\n                    <\/div>\r\n                <\/div>\r\n                <div class=\"col-xl-7 col-lg-6\">\r\n                    <div class=\"contact-page__right\">\r\n                        <div class=\"contact-page__form-box\">\r\n                            <div class=\"wpcf7 no-js\" id=\"wpcf7-f1421-o1\" lang=\"es-ES\" dir=\"ltr\" data-wpcf7-id=\"1421\">\n<div class=\"screen-reader-response\"><p role=\"status\" aria-live=\"polite\" aria-atomic=\"true\"><\/p> <ul><\/ul><\/div>\n<form action=\"\/index.php\/wp-json\/wp\/v2\/pages\/1700#wpcf7-f1421-o1\" method=\"post\" class=\"wpcf7-form init\" aria-label=\"Formulario de contacto\" novalidate=\"novalidate\" data-status=\"init\">\n<fieldset class=\"hidden-fields-container\"><input type=\"hidden\" name=\"_wpcf7\" value=\"1421\" \/><input type=\"hidden\" name=\"_wpcf7_version\" value=\"6.1.5\" \/><input type=\"hidden\" name=\"_wpcf7_locale\" value=\"es_ES\" \/><input type=\"hidden\" name=\"_wpcf7_unit_tag\" value=\"wpcf7-f1421-o1\" \/><input type=\"hidden\" name=\"_wpcf7_container_post\" value=\"0\" \/><input type=\"hidden\" name=\"_wpcf7_posted_data_hash\" value=\"\" \/>\n<\/fieldset>\n<div class=\"contact-one__form-box\">\n        <div class=\"row\">\n            <div class=\"col-md-6\">\n                <span class=\"wpcf7-form-control-wrap\" data-name=\"your-name\"><input size=\"40\" maxlength=\"400\" class=\"wpcf7-form-control wpcf7-text wpcf7-validates-as-required form-control\" id=\"your-name\" aria-required=\"true\" aria-invalid=\"false\" placeholder=\"Nombre\" value=\"\" type=\"text\" name=\"your-name\" \/><\/span>\n            <\/div>\n            <div class=\"col-md-6\">\n                <span class=\"wpcf7-form-control-wrap\" data-name=\"your-email\"><input size=\"40\" maxlength=\"400\" class=\"wpcf7-form-control wpcf7-email wpcf7-validates-as-required wpcf7-text wpcf7-validates-as-email form-control\" id=\"your-email\" aria-required=\"true\" aria-invalid=\"false\" placeholder=\"Correo electr\u00f3nico\" value=\"\" type=\"email\" name=\"your-email\" \/><\/span>\n            <\/div>\n        <\/div>\n        <div class=\"row\">\n            <div class=\"col-md-6\">\n                <label for=\"your-phone\"><\/label>\n                <span class=\"wpcf7-form-control-wrap\" data-name=\"your-phone\"><input size=\"40\" maxlength=\"400\" class=\"wpcf7-form-control wpcf7-tel wpcf7-validates-as-required wpcf7-text wpcf7-validates-as-tel form-control\" id=\"your-phone\" aria-required=\"true\" aria-invalid=\"false\" placeholder=\"Tel\u00e9fono\" value=\"\" type=\"tel\" name=\"your-phone\" \/><\/span>\n            <\/div>\n            <div class=\"col-md-6\">\n                 <label for=\"your-service\"><\/label>\n                 <span class=\"wpcf7-form-control-wrap\" data-name=\"your-service\"><select class=\"wpcf7-form-control wpcf7-select wpcf7-validates-as-required form-control\" id=\"your-service\" aria-required=\"true\" aria-invalid=\"false\" name=\"your-service\"><option value=\"Servicio\">Servicio<\/option><option value=\"Comunicaci\u00f3n Estrat\u00e9gica\">Comunicaci\u00f3n Estrat\u00e9gica<\/option><option value=\"Relaciones P\u00fablicas\">Relaciones P\u00fablicas<\/option><option value=\"Gesti\u00f3n de Crisis\">Gesti\u00f3n de Crisis<\/option><option value=\"Inteligencia Digital\">Inteligencia Digital<\/option><option value=\"Activismo Digital\">Activismo Digital<\/option><option value=\"Dise\u00f1o y Producci\u00f3n Multimedia\">Dise\u00f1o y Producci\u00f3n Multimedia<\/option><\/select><\/span>\n            <\/div>\n        <\/div>\n        <div class=\"row\">\n            <div class=\"col-md-12\">\n                <label for=\"your-message\"><\/label>\n                <span class=\"wpcf7-form-control-wrap\" data-name=\"your-message\"><textarea cols=\"40\" rows=\"10\" maxlength=\"2000\" class=\"wpcf7-form-control wpcf7-textarea form-control\" id=\"your-message\" aria-invalid=\"false\" placeholder=\"Escribe un mensaje\" name=\"your-message\"><\/textarea><\/span>\n            <\/div>\n        <\/div>\n        <div class=\"row\">\n            <div class=\"col-md-12 text-left\">\n                <input class=\"wpcf7-form-control wpcf7-submit has-spinner\" type=\"submit\" value=\"ENVIAR\" \/>\n            <\/div>\n        <\/div>\n    <\/div><p style=\"display: none !important;\" class=\"akismet-fields-container\" data-prefix=\"_wpcf7_ak_\"><label>&#916;<textarea name=\"_wpcf7_ak_hp_textarea\" cols=\"45\" rows=\"8\" maxlength=\"100\"><\/textarea><\/label><input type=\"hidden\" id=\"ak_js_1\" name=\"_wpcf7_ak_js\" value=\"200\"\/><script>document.getElementById( \"ak_js_1\" ).setAttribute( \"value\", ( new Date() ).getTime() );<\/script><\/p><div class=\"wpcf7-response-output\" aria-hidden=\"true\"><\/div>\n<\/form>\n<\/div>                            <div class=\"result\"><\/div>\r\n                        <\/div>\r\n                    <\/div>\r\n                <\/div>\r\n            <\/div>\r\n        <\/div>\r\n    <\/section>\r\n    <!--Contact Page End-->\r\n\t\t\t\t<\/div>\n\t\t\t\t<\/div>\n\t\t\t\t\t<\/div>\n\t\t<\/div>\n\t\t\t\t\t<\/div>\n\t\t<\/section>\n\t\t\t\t<\/div>\n\t\t","protected":false},"excerpt":{"rendered":"<p>\/\/ cont\u00e1ctanos \/\/ Trabajemos juntos \u00bfTienes alguna pregunta? +593 99 271 6542 Escr\u00edbenos info@3cscomunicaciones.com ServicioComunicaci\u00f3n Estrat\u00e9gicaRelaciones P\u00fablicasGesti\u00f3n de CrisisInteligencia DigitalActivismo DigitalDise\u00f1o y Producci\u00f3n Multimedia &#916;<\/p>\n","protected":false},"author":1,"featured_media":0,"parent":0,"menu_order":0,"comment_status":"closed","ping_status":"closed","template":"elementor_header_footer","meta":{"footnotes":""},"class_list":["post-1700","page","type-page","status-publish","hentry"],"_links":{"self":[{"href":"https:\/\/3cscomunicaciones.com\/index.php\/wp-json\/wp\/v2\/pages\/1700","targetHints":{"allow":["GET"]}}],"collection":[{"href":"https:\/\/3cscomunicaciones.com\/index.php\/wp-json\/wp\/v2\/pages"}],"about":[{"href":"https:\/\/3cscomunicaciones.com\/index.php\/wp-json\/wp\/v2\/types\/page"}],"author":[{"embeddable":true,"href":"https:\/\/3cscomunicaciones.com\/index.php\/wp-json\/wp\/v2\/users\/1"}],"replies":[{"embeddable":true,"href":"https:\/\/3cscomunicaciones.com\/index.php\/wp-json\/wp\/v2\/comments?post=1700"}],"version-history":[{"count":16,"href":"https:\/\/3cscomunicaciones.com\/index.php\/wp-json\/wp\/v2\/pages\/1700\/revisions"}],"predecessor-version":[{"id":2147,"href":"https:\/\/3cscomunicaciones.com\/index.php\/wp-json\/wp\/v2\/pages\/1700\/revisions\/2147"}],"wp:attachment":[{"href":"https:\/\/3cscomunicaciones.com\/index.php\/wp-json\/wp\/v2\/media?parent=1700"}],"curies":[{"name":"wp","href":"https:\/\/api.w.org\/{rel}","templated":true}]}}