{"id":43,"date":"2023-06-21T04:32:25","date_gmt":"2023-06-21T04:32:25","guid":{"rendered":"http:\/\/bracketweb.com\/apsrowp\/?page_id=43"},"modified":"2026-02-17T02:20:40","modified_gmt":"2026-02-17T01:20:40","slug":"blog","status":"publish","type":"page","link":"https:\/\/3cscomunicaciones.com\/index.php\/blog\/","title":{"rendered":"Blog"},"content":{"rendered":"\t\t<div data-elementor-type=\"wp-page\" data-elementor-id=\"43\" class=\"elementor elementor-43\">\n\t\t\t\t\t\t<section class=\"elementor-section elementor-top-section elementor-element elementor-element-d44598a elementor-section-full_width elementor-section-height-default elementor-section-height-default\" data-id=\"d44598a\" data-element_type=\"section\" data-e-type=\"section\">\n\t\t\t\t\t\t<div class=\"elementor-container elementor-column-gap-no\">\n\t\t\t\t\t<div class=\"elementor-column elementor-col-100 elementor-top-column elementor-element elementor-element-0a9a8b0\" data-id=\"0a9a8b0\" data-element_type=\"column\" data-e-type=\"column\">\n\t\t\t<div class=\"elementor-widget-wrap elementor-element-populated\">\n\t\t\t\t\t\t<div class=\"elementor-element elementor-element-368154b elementor-widget elementor-widget-apsro-blog\" data-id=\"368154b\" data-element_type=\"widget\" data-e-type=\"widget\" data-widget_type=\"apsro-blog.default\">\n\t\t\t\t<div class=\"elementor-widget-container\">\n\t\t\t\t\t\t<!--Blog One Start-->\r\n\t<section class=\"blog-one\">\r\n\t\t<div class=\"container\">\r\n\t\t\t\t\t\t<div class=\"row\">\r\n\t\t\t\t\t\t\t\t\t<!--Blog One Single Start-->\r\n\t\t\t\t\t<div class=\"col-xl-4 col-lg-4 wow fadeInUp\" data-wow-delay=\"100ms\">\r\n\t\t\t\t\t\t<div class=\"blog-one__single\">\r\n\t\t\t\t\t\t\t\t\t\t\t\t\t\t\t<div class=\"blog-one__img-box\">\r\n\t\t\t\t\t\t\t\t\t<div class=\"blog-one__img\">\r\n\t\t\t\t\t\t\t\t\t\t<img fetchpriority=\"high\" decoding=\"async\" width=\"340\" height=\"376\" src=\"https:\/\/3cscomunicaciones.com\/wp-content\/uploads\/2026\/02\/blog-entrevista-720x382-1-340x376.jpg\" class=\"attachment-apsro_blog_340X376 size-apsro_blog_340X376 wp-post-image\" alt=\"\" \/>\t\t\t\t\t\t\t\t\t<\/div>\r\n\t\t\t\t\t\t\t\t\t<div class=\"blog-one__date\">\r\n\t\t\t\t\t\t\t\t\t\t<p>14 de febrero de 2026<\/p>\r\n\t\t\t\t\t\t\t\t\t<\/div>\r\n\t\t\t\t\t\t\t\t<\/div>\r\n\t\t\t\t\t\t\t\t\t\t\t\t\t\t<div class=\"blog-one__content\">\r\n\t\t\t\t\t\t\t\t<ul class=\"blog-one__meta list-unstyled ml-0\">\r\n\t\t\t\t\t\t\t\t\t\t\t\t\t\t\t\t\t\t\t<li>\r\n\t\t\t\t\t\t\t\t\t\t\t<p><span class=\"fas fa-tags\"><\/span>Liderazgo<\/p>\r\n\t\t\t\t\t\t\t\t\t\t<\/li>\r\n\t\t\t\t\t\t\t\t\t\t\t\t\t\t\t\t\t\t<li><span class=\"comments-link\"><i class=\"fas fa-comments\"><\/i> <a href=\"https:\/\/3cscomunicaciones.com\/index.php\/2026\/02\/14\/entrevistas-para-filosofas\/#respond\">Deja un comentario<span class=\"screen-reader-text\">on Entrevista para Fil\u00f3sofas en la Historia de Espa\u00f1a<\/span><\/a><\/span><\/li>\r\n\t\t\t\t\t\t\t\t<\/ul>\r\n\t\t\t\t\t\t\t\t<div class=\"blog-one__title-box\">\r\n\t\t\t\t\t\t\t\t\t<h3 class=\"blog-one__title\">\r\n\t\t\t\t\t\t\t\t\t\t<a href=\"https:\/\/3cscomunicaciones.com\/index.php\/2026\/02\/14\/entrevistas-para-filosofas\/\">\r\n\t\t\t\t\t\t\t\t\t\t\tEntrevista para Fil\u00f3sofas en la Historia de Espa\u00f1a\t\t\t\t\t\t\t\t\t\t<\/a>\r\n\t\t\t\t\t\t\t\t\t<\/h3>\r\n\t\t\t\t\t\t\t\t<\/div>\r\n\t\t\t\t\t\t\t\t<div class=\"blog-one__btn-box\">\r\n\t\t\t\t\t\t\t\t\t<a href=\"https:\/\/3cscomunicaciones.com\/index.php\/2026\/02\/14\/entrevistas-para-filosofas\/\"><span aria-hidden=\"true\" class=\"  icon-right-lg-arrow\"><\/span><\/a>\r\n\t\t\t\t\t\t\t\t\t<a href=\"https:\/\/3cscomunicaciones.com\/index.php\/2026\/02\/14\/entrevistas-para-filosofas\/\" class=\"blog-one__btn\">Leer m\u00e1s<\/a>\r\n\t\t\t\t\t\t\t\t<\/div>\r\n\t\t\t\t\t\t\t<\/div>\r\n\t\t\t\t\t\t<\/div>\r\n\t\t\t\t\t<\/div>\r\n\t\t\t\t\t<!--Blog One Single End-->\r\n\t\t\t\t\t\t\t\t\t<!--Blog One Single Start-->\r\n\t\t\t\t\t<div class=\"col-xl-4 col-lg-4 wow fadeInUp\" data-wow-delay=\"200ms\">\r\n\t\t\t\t\t\t<div class=\"blog-one__single\">\r\n\t\t\t\t\t\t\t\t\t\t\t\t\t\t\t<div class=\"blog-one__img-box\">\r\n\t\t\t\t\t\t\t\t\t<div class=\"blog-one__img\">\r\n\t\t\t\t\t\t\t\t\t\t<img decoding=\"async\" width=\"340\" height=\"376\" src=\"https:\/\/3cscomunicaciones.com\/wp-content\/uploads\/2026\/02\/blog-caroliina-720x382-1-340x376.jpg\" class=\"attachment-apsro_blog_340X376 size-apsro_blog_340X376 wp-post-image\" alt=\"\" \/>\t\t\t\t\t\t\t\t\t<\/div>\r\n\t\t\t\t\t\t\t\t\t<div class=\"blog-one__date\">\r\n\t\t\t\t\t\t\t\t\t\t<p>1 de junio de 2025<\/p>\r\n\t\t\t\t\t\t\t\t\t<\/div>\r\n\t\t\t\t\t\t\t\t<\/div>\r\n\t\t\t\t\t\t\t\t\t\t\t\t\t\t<div class=\"blog-one__content\">\r\n\t\t\t\t\t\t\t\t<ul class=\"blog-one__meta list-unstyled ml-0\">\r\n\t\t\t\t\t\t\t\t\t\t\t\t\t\t\t\t\t\t\t<li>\r\n\t\t\t\t\t\t\t\t\t\t\t<p><span class=\"fas fa-tags\"><\/span>Vocer\u00eda<\/p>\r\n\t\t\t\t\t\t\t\t\t\t<\/li>\r\n\t\t\t\t\t\t\t\t\t\t\t\t\t\t\t\t\t\t<li><span class=\"comments-link\"><i class=\"fas fa-comments\"><\/i> <a href=\"https:\/\/3cscomunicaciones.com\/index.php\/2025\/06\/01\/carolina-jaramillo-vocera-carondelet\/#respond\">Deja un comentario<span class=\"screen-reader-text\">on Carolina Jaramillo nombrada Vocera de Carondelet<\/span><\/a><\/span><\/li>\r\n\t\t\t\t\t\t\t\t<\/ul>\r\n\t\t\t\t\t\t\t\t<div class=\"blog-one__title-box\">\r\n\t\t\t\t\t\t\t\t\t<h3 class=\"blog-one__title\">\r\n\t\t\t\t\t\t\t\t\t\t<a href=\"https:\/\/3cscomunicaciones.com\/index.php\/2025\/06\/01\/carolina-jaramillo-vocera-carondelet\/\">\r\n\t\t\t\t\t\t\t\t\t\t\tCarolina Jaramillo nombrada Vocera de Carondelet\t\t\t\t\t\t\t\t\t\t<\/a>\r\n\t\t\t\t\t\t\t\t\t<\/h3>\r\n\t\t\t\t\t\t\t\t<\/div>\r\n\t\t\t\t\t\t\t\t<div class=\"blog-one__btn-box\">\r\n\t\t\t\t\t\t\t\t\t<a href=\"https:\/\/3cscomunicaciones.com\/index.php\/2025\/06\/01\/carolina-jaramillo-vocera-carondelet\/\"><span aria-hidden=\"true\" class=\"  icon-right-lg-arrow\"><\/span><\/a>\r\n\t\t\t\t\t\t\t\t\t<a href=\"https:\/\/3cscomunicaciones.com\/index.php\/2025\/06\/01\/carolina-jaramillo-vocera-carondelet\/\" class=\"blog-one__btn\">Leer m\u00e1s<\/a>\r\n\t\t\t\t\t\t\t\t<\/div>\r\n\t\t\t\t\t\t\t<\/div>\r\n\t\t\t\t\t\t<\/div>\r\n\t\t\t\t\t<\/div>\r\n\t\t\t\t\t<!--Blog One Single End-->\r\n\t\t\t\t\t\t\t\t\t\t\t\t\t<div class=\"col-lg-12\">\r\n\t\t\t\t\t\t<div class=\"blog-pagination portfolio-page__btn-box justify-content-center text-center\">\r\n\t\t\t\t\t\t\t\t\t\t\t\t\t<\/div><!-- \/.blog-post-pagination -->\r\n\t\t\t\t\t<\/div><!-- \/.col-lg-12 -->\r\n\t\t\t\t\t\t\t\t\t\t\t<\/div>\r\n\t\t<\/div>\r\n\t<\/section>\r\n\t<!--Blog One End-->\r\n\r\n\t\t\t\t<\/div>\n\t\t\t\t<\/div>\n\t\t\t\t\t<\/div>\n\t\t<\/div>\n\t\t\t\t\t<\/div>\n\t\t<\/section>\n\t\t\t\t<\/div>\n\t\t","protected":false},"excerpt":{"rendered":"<p>21 de junio de 2023 Dise\u00f1o 3 comentarios en Lorem ipsum dolor sit amet Lorem ipsum dolor sit amet Leer m\u00e1s 21 de junio de 2023 Dise\u00f1o 2 comentarios en Lorem ipsum dolor sit amet Lorem ipsum dolor sit amet Leer m\u00e1s 21 de junio de 2023 Dise\u00f1o 2 comentarios en Lorem ipsum dolor sit [&hellip;]<\/p>\n","protected":false},"author":1,"featured_media":0,"parent":0,"menu_order":0,"comment_status":"closed","ping_status":"closed","template":"elementor_header_footer","meta":{"footnotes":""},"class_list":["post-43","page","type-page","status-publish","hentry"],"_links":{"self":[{"href":"https:\/\/3cscomunicaciones.com\/index.php\/wp-json\/wp\/v2\/pages\/43","targetHints":{"allow":["GET"]}}],"collection":[{"href":"https:\/\/3cscomunicaciones.com\/index.php\/wp-json\/wp\/v2\/pages"}],"about":[{"href":"https:\/\/3cscomunicaciones.com\/index.php\/wp-json\/wp\/v2\/types\/page"}],"author":[{"embeddable":true,"href":"https:\/\/3cscomunicaciones.com\/index.php\/wp-json\/wp\/v2\/users\/1"}],"replies":[{"embeddable":true,"href":"https:\/\/3cscomunicaciones.com\/index.php\/wp-json\/wp\/v2\/comments?post=43"}],"version-history":[{"count":6,"href":"https:\/\/3cscomunicaciones.com\/index.php\/wp-json\/wp\/v2\/pages\/43\/revisions"}],"predecessor-version":[{"id":1686,"href":"https:\/\/3cscomunicaciones.com\/index.php\/wp-json\/wp\/v2\/pages\/43\/revisions\/1686"}],"wp:attachment":[{"href":"https:\/\/3cscomunicaciones.com\/index.php\/wp-json\/wp\/v2\/media?parent=43"}],"curies":[{"name":"wp","href":"https:\/\/api.w.org\/{rel}","templated":true}]}}